{"id":1253,"date":"2018-07-17T12:03:31","date_gmt":"2018-07-17T12:03:31","guid":{"rendered":"http:\/\/koillismaanomaishoitajat.com\/site\/?page_id=1253"},"modified":"2019-09-05T07:54:05","modified_gmt":"2019-09-05T07:54:05","slug":"koillisen-kumppanit-hanke","status":"publish","type":"page","link":"http:\/\/koillismaanomaishoitajat.com\/site\/?page_id=1253","title":{"rendered":"Koillisen kumppanit &#8211; hanke"},"content":{"rendered":"\n<figure class=\"wp-block-image is-resized\"><img loading=\"lazy\" src=\"http:\/\/koillismaanomaishoitajat.com\/site\/wp-content\/uploads\/2019\/02\/Logo_koillisenkumppanit-1024x1024.png\" alt=\"\" class=\"wp-image-1476\" width=\"302\" height=\"302\" srcset=\"http:\/\/koillismaanomaishoitajat.com\/site\/wp-content\/uploads\/2019\/02\/Logo_koillisenkumppanit-1024x1024.png 1024w, http:\/\/koillismaanomaishoitajat.com\/site\/wp-content\/uploads\/2019\/02\/Logo_koillisenkumppanit-150x150.png 150w, http:\/\/koillismaanomaishoitajat.com\/site\/wp-content\/uploads\/2019\/02\/Logo_koillisenkumppanit-300x300.png 300w, http:\/\/koillismaanomaishoitajat.com\/site\/wp-content\/uploads\/2019\/02\/Logo_koillisenkumppanit-768x768.png 768w, http:\/\/koillismaanomaishoitajat.com\/site\/wp-content\/uploads\/2019\/02\/Logo_koillisenkumppanit.png 1080w\" sizes=\"(max-width: 302px) 100vw, 302px\" \/><\/figure>\n\n\n<p>Koillisen kumppanit -hanke on Stea:n rahoittama ja Koillismaan Omaishoitajat ja L\u00e4heiset ry:n hallinnoima hanke (2018-2020). Hankeavustuksella\u00a0perustetaan<br \/>yhteisty\u00f6ss\u00e4 alueen yhdistysten ja eri yhteisty\u00f6 tahojen kanssa kumppanuusmuoto, <br \/>jonka <strong>yhten\u00e4 t\u00e4rke\u00e4n\u00e4 tavoitteenamme on saada Kumppanuustalo Nuotalle tilat kuusamoon, jossa on kaikille yhdistystoimijoille tilaa toimia.<\/strong><\/p>\n<p>Koillismaalla toimii yhteens\u00e4 619 yhdistyst\u00e4. Kuusamossa 351, Posiolla 125 ja Taivalkoskella 143 yhdistyst\u00e4. Koillisen kumppanit -hankkeessa on mukana 53 yhdistyst\u00e4. <strong>Hyvin organisoidun kansalaisj\u00e4rjest\u00f6toiminnan avulla<\/strong> rakennetaan tasavertaisempaa yhteiskuntaa, v\u00e4hennet\u00e4\u00e4n eriarvoisuutta ja lis\u00e4t\u00e4\u00e4n ihmisten keskin\u00e4ist\u00e4 ymm\u00e4rryst\u00e4 (STEAn strategia 2020). Kumppanuustalo Nuotan toiminnan tavoitteena on edist\u00e4\u00e4 monin tavoin ihmisten hyvinvointia, yhteis\u00f6llisyytt\u00e4, tasavertaisuutta yhdist\u00e4m\u00e4ll\u00e4 yhdistysten resursseja ja tukemalla niiden toimintaa. <strong>Toiminta on tarkoitettu kaikille yhdistyksille, toimialasta riippumatta.<\/strong><\/p>\n<p>Olemme vuokranneet v\u00e4liaikaiset tilat Kuusamon Osuusmeijerilt\u00e4 ja suunnittelemme parhaillaan lopullisia tiloja yhdess\u00e4 yhdistysten ja Kuusamon kaupungin kanssa. Kumppanuustalotalo on matalankynnyksen paikka, yhdistyksille, ihmisille ja eri yhteisty\u00f6 tahoille. <strong>Nuotassa yhdistykset voivat toimia itsen\u00e4isesti, omien toimintatapojen, arvojen ja resurssien mukaan kohderyhmilleen.<\/strong> Hanke tarjoaa yhdistyksille tukea, tietoa ja resursseja toimintaan, <br \/>sek\u00e4 edist\u00e4\u00e4 my\u00f6s yhdistysten ja eri yhteisty\u00f6kumppanien verkostoitumista.<\/p>\n<p>P\u00e4ivitetty 5.9.2019\/Virpi Kilpij\u00e4rvi<\/p>","protected":false},"excerpt":{"rendered":"<p>Koillisen kumppanit -hanke on Stea:n rahoittama ja Koillismaan Omaishoitajat ja L\u00e4heiset ry:n hallinnoima hanke (2018-2020). Hankeavustuksella\u00a0perustetaanyhteisty\u00f6ss\u00e4 alueen yhdistysten ja eri yhteisty\u00f6 tahojen kanssa kumppanuusmuoto, jonka yhten\u00e4 t\u00e4rke\u00e4n\u00e4 tavoitteenamme on saada Kumppanuustalo Nuotalle tilat kuusamoon, jossa on kaikille yhdistystoimijoille tilaa toimia. &hellip; <a href=\"http:\/\/koillismaanomaishoitajat.com\/site\/?page_id=1253\">Lue loppuun <span class=\"meta-nav\">&rarr;<\/span><\/a><\/p>\n","protected":false},"author":1,"featured_media":0,"parent":0,"menu_order":0,"comment_status":"closed","ping_status":"open","template":"","meta":[],"_links":{"self":[{"href":"http:\/\/koillismaanomaishoitajat.com\/site\/index.php?rest_route=\/wp\/v2\/pages\/1253"}],"collection":[{"href":"http:\/\/koillismaanomaishoitajat.com\/site\/index.php?rest_route=\/wp\/v2\/pages"}],"about":[{"href":"http:\/\/koillismaanomaishoitajat.com\/site\/index.php?rest_route=\/wp\/v2\/types\/page"}],"author":[{"embeddable":true,"href":"http:\/\/koillismaanomaishoitajat.com\/site\/index.php?rest_route=\/wp\/v2\/users\/1"}],"replies":[{"embeddable":true,"href":"http:\/\/koillismaanomaishoitajat.com\/site\/index.php?rest_route=%2Fwp%2Fv2%2Fcomments&post=1253"}],"version-history":[{"count":12,"href":"http:\/\/koillismaanomaishoitajat.com\/site\/index.php?rest_route=\/wp\/v2\/pages\/1253\/revisions"}],"predecessor-version":[{"id":1657,"href":"http:\/\/koillismaanomaishoitajat.com\/site\/index.php?rest_route=\/wp\/v2\/pages\/1253\/revisions\/1657"}],"wp:attachment":[{"href":"http:\/\/koillismaanomaishoitajat.com\/site\/index.php?rest_route=%2Fwp%2Fv2%2Fmedia&parent=1253"}],"curies":[{"name":"wp","href":"https:\/\/api.w.org\/{rel}","templated":true}]}}