{"id":240,"date":"2012-06-25T08:26:55","date_gmt":"2012-06-25T08:26:55","guid":{"rendered":"http:\/\/koillismaanomaishoitajat.com\/site\/?page_id=240"},"modified":"2021-10-20T10:42:00","modified_gmt":"2021-10-20T10:42:00","slug":"liity-jaseneksi","status":"publish","type":"page","link":"http:\/\/koillismaanomaishoitajat.com\/site\/?page_id=240","title":{"rendered":"Liity j\u00e4seneksi"},"content":{"rendered":"<p>Saat nelj\u00e4 kertaa vuodessa ilmestyv\u00e4n\u00a0L\u00e4hell\u00e4 -nimisen omaishoitajalehden<br \/>\nja kaksikertaa vuodessa ilmestyv\u00e4n j\u00e4sentiedotteen.<br \/>\nSaat oikeuden hakea liiton j\u00e4rjest\u00e4mille kuntoutuskursseille.<br \/>\nLiiton lakimiespalvelut ovat my\u00f6s j\u00e4senten k\u00e4yt\u00f6ss\u00e4.<br \/>\nVirkistys-, koulutus ja lomatoimintaan voi osallistua vaikka et ole j\u00e4sen.<\/p>\n<p><strong>J\u00e4senmaksu on 25 \u20ac\/vuosi<\/strong><\/p>\n<p>Yhdistyksen j\u00e4senen\u00e4 olet mukana rakentamassa<br \/>\nparempaa huomista Koillismaan omaishoitajille!<\/p>\n<p>Voit liitty\u00e4 my\u00f6s kannatusj\u00e4seneksi, vuosimaksun voi valita itse (50 e, 70 e tai 100 e).<br \/>\nLiittym\u00e4ll\u00e4 j\u00e4seneksi saat n\u00e4kyvyytt\u00e4 yhdistyksen j\u00e4sentiedotteessa kaksi kertaa vuodessa,<br \/>\nsek\u00e4 hyv\u00e4n mielen ja mahdollisuuden toteuttaa yhteiskuntavastuuta.<\/p>\n<p><strong>Mit\u00e4 enemm\u00e4n meit\u00e4 on yhdistyksess\u00e4,<br \/>\nsit\u00e4 enemm\u00e4n pystymme vaikuttamaan!<\/strong><\/p>\n\n\n<!-- Fast Secure Contact Form plugin 4.0.52 - begin - FastSecureContactForm.com -->\r\n<div style=\"clear:both;\"><\/div>\n<br> <p><b>Liity j\u00e4seneksi t\u00e4ytt\u00e4m\u00e4ll\u00e4 oheinen lomake!<\/b><\/p>\r\n<div id=\"FSContact2\" style=\"width:375px;\">\r\n<form action=\"http:\/\/koillismaanomaishoitajat.com\/site\/index.php?rest_route=%2Fwp%2Fv2%2Fpages%2F240#FSContact2\" id=\"fscf_form2\" method=\"post\">\r\n\n<div id=\"fscf_required2\">\n  <span style=\"text-align:left;\"> *<\/span> <span style=\"text-align:left;\">indicates required field<\/span>\n<\/div>\n\n\n<div id=\"fscf_div_clear2_0\" style=\"clear:both;\">\n  <div id=\"fscf_div_field2_0\" style=\"clear:left; float:left; width:99%; max-width:550px; margin-right:10px;\">\r\n    <div style=\"text-align:left; padding-top:5px;\">\n      <label style=\"text-align:left;\" for=\"fscf_name2\">Name:<span style=\"text-align:left;\"> *<\/span><\/label>\n    <\/div>\r\n    <div style=\"text-align:left;\">\r\n      <input style=\"text-align:left; margin:0;\" type=\"text\" id=\"fscf_name2\" name=\"full_name\" value=\"\"  readonly=\"readonly\" \/>\r\n    <\/div>\r\n  <\/div>\n<\/div>\n\n<div id=\"fscf_div_clear2_1\" style=\"clear:both;\">\n  <div id=\"fscf_div_field2_1\" style=\"clear:left; float:left; width:99%; max-width:550px; margin-right:10px;\">\n    <div style=\"text-align:left; padding-top:5px;\">\n      <label style=\"text-align:left;\" for=\"fscf_email2\">Email:<span style=\"text-align:left;\"> *<\/span><\/label>\n    <\/div>\n    <div style=\"text-align:left;\">\n      <input style=\"text-align:left; margin:0;\" type=\"text\" id=\"fscf_email2\" name=\"email\" value=\"\"  readonly=\"readonly\" \/>\n    <\/div>\n  <\/div>\n<\/div>\n\n<div id=\"fscf_div_clear2_4\" style=\"clear:both;\">\n  <div id=\"fscf_div_field2_4\" style=\"clear:left; float:left; width:99%; max-width:550px; margin-right:10px;\">\n    <div  id=\"fscf_label2_4\" style=\"text-align:left; padding-top:5px;\">\r\n      <label style=\"text-align:left;\" for=\"fscf_field2_4\">Katuosoite:<span style=\"text-align:left;\"> *<\/span><\/label>\n    <\/div>\n    <div style=\"text-align:left;\">\n      <input style=\"text-align:left; margin:0;\" type=\"text\" id=\"fscf_field2_4\" name=\"katuosoite\" value=\"\"  \/>\n    <\/div>\n  <\/div>\n<\/div>\n\n<div id=\"fscf_div_clear2_5\" style=\"clear:both;\">\n  <div id=\"fscf_div_field2_5\" style=\"clear:left; float:left; width:99%; max-width:550px; margin-right:10px;\">\n    <div  id=\"fscf_label2_5\" style=\"text-align:left; padding-top:5px;\">\r\n      <label style=\"text-align:left;\" for=\"fscf_field2_5\">Postinumero- ja toimipaikka:<span style=\"text-align:left;\"> *<\/span><\/label>\n    <\/div>\n    <div style=\"text-align:left;\">\n      <input style=\"text-align:left; margin:0;\" type=\"text\" id=\"fscf_field2_5\" name=\"postinumero-ja-toimipaikka\" value=\"\"  \/>\n    <\/div>\n  <\/div>\n<\/div>\n\n<div id=\"fscf_div_clear2_6\" style=\"clear:both;\">\n  <div id=\"fscf_div_field2_6\" style=\"clear:left; float:left; width:99%; max-width:550px; margin-right:10px;\">\n    <div  id=\"fscf_label2_6\" style=\"text-align:left; padding-top:5px;\">\r\n      <label style=\"text-align:left;\" for=\"fscf_field2_6\">Puhelinnumero:<span style=\"text-align:left;\"> *<\/span><\/label>\n    <\/div>\n    <div style=\"text-align:left;\">\n      <input style=\"text-align:left; margin:0;\" type=\"text\" id=\"fscf_field2_6\" name=\"puhelinnumero\" value=\"\"  \/>\n    <\/div>\n  <\/div>\n<\/div>\n\n<div id=\"fscf_div_clear2_7\" style=\"clear:both;\">\n  <div id=\"fscf_div_field2_7\" style=\"clear:left; float:left; width:99%; max-width:550px; margin-right:10px;\">\n    <div  id=\"fscf_label2_7\" style=\"text-align:left; padding-top:5px;\">\n    <\/div>\n    <div style=\"text-align:left;\">\n      <span><input type=\"checkbox\" style=\"width:13px;\" id=\"fscf_field2_7\" name=\"haluan-jasenpostin-sahkopostitse\" value=\"1\" \/> <label style=\"display:inline;\" for=\"fscf_field2_7\">Haluan j\u00e4senpostin s\u00e4hk\u00f6postitse.<\/label><\/span>\n    <\/div>\n  <\/div>\n<\/div>\n\n<div id=\"fscf_div_clear2_8\" style=\"clear:both;\">\n  <div id=\"fscf_div_field2_8\" style=\"clear:left; float:left; width:99%; max-width:550px; margin-right:10px;\">\n    <div  id=\"fscf_label2_8\" style=\"text-align:left; padding-top:5px;\">\n    <\/div>\n    <div style=\"text-align:left;\">\n      <span><input type=\"checkbox\" style=\"width:13px;\" id=\"fscf_field2_8\" name=\"haluan-jasenpostin-paperiversiona\" value=\"1\" \/> <label style=\"display:inline;\" for=\"fscf_field2_8\">Haluan j\u00e4senpostin paperiversiona.<\/label><\/span>\n    <\/div>\n  <\/div>\n<\/div>\n\n<div id=\"fscf_div_clear2_9\" style=\"clear:both;\">\n  <div id=\"fscf_div_field2_9\" style=\"clear:left; float:left; width:99%; max-width:550px; margin-right:10px;\">\n    <div  id=\"fscf_label2_9\" style=\"text-align:left; padding-top:5px;\">\r\n      <label style=\"text-align:left;\" for=\"fscf_field2_9\">Lis\u00e4tietoja:<\/label>\n    <\/div>\n    <div style=\"text-align:left;\">\n      <input style=\"text-align:left; margin:0;\" type=\"text\" id=\"fscf_field2_9\" name=\"lisatietoja\" value=\"\"  \/>\n    <\/div>\n  <\/div>\n<\/div>\r\n<div style=\"clear:both;\"><\/div>\n\n<div style=\"text-align:left; padding-top:5px;\">\n<\/div>\n<div id=\"fscf_captcha_image_div2\" style=\"width:250px; height:65px; padding-top:2px;\">\n      <img id=\"fscf_captcha_image2\" style=\"border-style:none; margin:0; padding:0px; padding-right:5px; float:left;\" src=\"http:\/\/koillismaanomaishoitajat.com\/site\/wp-content\/plugins\/si-contact-form\/captcha\/securimage_show.php?prefix=6NmC5FwSkfbMwh7c\" width=\"175\" height=\"60\" alt=\"CAPTCHA\" title=\"CAPTCHA\" \/>\n      <input id=\"fscf_captcha_prefix2\" type=\"hidden\" name=\"fscf_captcha_prefix2\" value=\"6NmC5FwSkfbMwh7c\" \/>\n     <div id=\"fscf_captcha_refresh2\">\n        <a href=\"#\" rel=\"nofollow\" title=\"Refresh\" onclick=\"fscf_captcha_refresh('2','\/site\/wp-content\/plugins\/si-contact-form\/captcha','http:\/\/koillismaanomaishoitajat.com\/site\/wp-content\/plugins\/si-contact-form\/captcha\/securimage_show.php?prefix='); return false;\">\n        <img src=\"http:\/\/koillismaanomaishoitajat.com\/site\/wp-content\/plugins\/si-contact-form\/captcha\/images\/refresh.png\" width=\"22\" height=\"20\" alt=\"Refresh\" style=\"border-style:none; margin:0; padding:0px; vertical-align:bottom;\" onclick=\"this.blur();\" \/><\/a>\r\n     <\/div>\r\n<\/div>\r\n\r\n<div id=\"fscf_captcha_field2\" style=\"text-align:left; padding-top:5px;\">\r\n     <label style=\"text-align:left;\" for=\"fscf_captcha_code2\">CAPTCHA Code:<span style=\"text-align:left;\"> *<\/span><\/label>\r\n<\/div>\r\n<div style=\"text-align:left;\">\n     <input style=\"text-align:left; margin:0; width:50px;\" type=\"text\" value=\"\" autocomplete=\"off\" id=\"fscf_captcha_code2\" name=\"captcha_code\"  \/>\n<\/div>\n\n<div id=\"fscf_submit_div2\" style=\"text-align:left; padding-top:2px;\">\r\n\t\t<input type=\"submit\" id=\"fscf_submit2\" style=\"cursor:pointer; margin:0;\" value=\"Laheta lomake\"  onclick=\"this.disabled=true; this.value='Submitting...'; this.form.submit();\" \/> <input type=\"reset\" id=\"fscf_reset2\" style=\"cursor:pointer; margin:0;\" value=\"Tyhjenna lomake\" onclick=\"return confirm('Do you really want to reset the form?')\" \/>\n<\/div>\n\n<input type=\"hidden\" name=\"fscf_submitted\" value=\"0\" \/>\n<input type=\"hidden\" name=\"fs_postonce_2\" value=\"cdcd0317f1420aa3b3117e7f5658bad0,1777486546\" \/>\n<input type=\"hidden\" name=\"si_contact_action\" value=\"send\" \/>\n<input type=\"hidden\" name=\"form_id\" value=\"2\" \/>\n<input type=\"hidden\" name=\"mailto_id\" value=\"1\" \/>\n\n<\/form>\n<\/div>\r\n<div style=\"clear:both;\"><\/div>\n\n<!-- Fast Secure Contact Form plugin 4.0.52 - end - FastSecureContactForm.com -->\n\n","protected":false},"excerpt":{"rendered":"<p>Saat nelj\u00e4 kertaa vuodessa ilmestyv\u00e4n\u00a0L\u00e4hell\u00e4 -nimisen omaishoitajalehden ja kaksikertaa vuodessa ilmestyv\u00e4n j\u00e4sentiedotteen. Saat oikeuden hakea liiton j\u00e4rjest\u00e4mille kuntoutuskursseille. Liiton lakimiespalvelut ovat my\u00f6s j\u00e4senten k\u00e4yt\u00f6ss\u00e4. Virkistys-, koulutus ja lomatoimintaan voi osallistua vaikka et ole j\u00e4sen. J\u00e4senmaksu on 25 \u20ac\/vuosi Yhdistyksen j\u00e4senen\u00e4 &hellip; <a href=\"http:\/\/koillismaanomaishoitajat.com\/site\/?page_id=240\">Lue loppuun <span class=\"meta-nav\">&rarr;<\/span><\/a><\/p>\n","protected":false},"author":1,"featured_media":0,"parent":0,"menu_order":0,"comment_status":"closed","ping_status":"open","template":"","meta":[],"_links":{"self":[{"href":"http:\/\/koillismaanomaishoitajat.com\/site\/index.php?rest_route=\/wp\/v2\/pages\/240"}],"collection":[{"href":"http:\/\/koillismaanomaishoitajat.com\/site\/index.php?rest_route=\/wp\/v2\/pages"}],"about":[{"href":"http:\/\/koillismaanomaishoitajat.com\/site\/index.php?rest_route=\/wp\/v2\/types\/page"}],"author":[{"embeddable":true,"href":"http:\/\/koillismaanomaishoitajat.com\/site\/index.php?rest_route=\/wp\/v2\/users\/1"}],"replies":[{"embeddable":true,"href":"http:\/\/koillismaanomaishoitajat.com\/site\/index.php?rest_route=%2Fwp%2Fv2%2Fcomments&post=240"}],"version-history":[{"count":12,"href":"http:\/\/koillismaanomaishoitajat.com\/site\/index.php?rest_route=\/wp\/v2\/pages\/240\/revisions"}],"predecessor-version":[{"id":1360,"href":"http:\/\/koillismaanomaishoitajat.com\/site\/index.php?rest_route=\/wp\/v2\/pages\/240\/revisions\/1360"}],"wp:attachment":[{"href":"http:\/\/koillismaanomaishoitajat.com\/site\/index.php?rest_route=%2Fwp%2Fv2%2Fmedia&parent=240"}],"curies":[{"name":"wp","href":"https:\/\/api.w.org\/{rel}","templated":true}]}}