{"id":6,"date":"2012-06-10T14:43:17","date_gmt":"2012-06-10T14:43:17","guid":{"rendered":"http:\/\/koillismaanomaishoitajat.com\/site\/?page_id=6"},"modified":"2022-05-11T07:37:25","modified_gmt":"2022-05-11T07:37:25","slug":"etusivu","status":"publish","type":"page","link":"http:\/\/koillismaanomaishoitajat.com\/site\/","title":{"rendered":"OMAISOIVA -TOIMINTA"},"content":{"rendered":"\n<p>Ole rohkeasti yhteydess\u00e4!<\/p>\n\n\n\n<p>Saila K\u00e4sm\u00e4-Karjalainen, OmaisOiva koordinaattori  puh. 044 2301439 <\/p>\n\n\n\n<p>Laila Set\u00e4maa, OmaisOiva ohjaaja puh. 044 2315381<\/p>\n\n\n\n<p><\/p>\n\n\n\n<p><\/p>\n\n\n\n<p><\/p>\n\n\n\n<p>Oivallisten muistikahviloiden luentosarja osa 3. Kodin paloturvallisuus ja nettiturvallisuus. Luentoa voi seurata paikan p\u00e4\u00e4ll\u00e4 toisten kanssa Kumppanuustalo Nuotassa Kuusamossa, Taivalvaaran monitoimitalolla Taivalkoskella ja Posion kunnantalon valtuustosalissa. Tervetuloa paikan p\u00e4\u00e4lle! Alkusammutusharjoitukset klo 14 &#8211; 15 Kuusamon ja Posion palosemalla ja Taivalvaaran monitoimitalon pihalla.<\/p>\n\n\n\n<p>Tervetuloa seuraamaan striimattua l\u00e4hetyst\u00e4 ma 2.5.2022 klo 13 &#8211; 14.  <\/p>\n\n\n\n<figure class=\"wp-block-embed is-type-video is-provider-youtube wp-block-embed-youtube wp-embed-aspect-16-9 wp-has-aspect-ratio\"><div class=\"wp-block-embed__wrapper\">\n<iframe loading=\"lazy\" title=\"Kodin turvallisuus ja nettiturvallisuus - Oivallisten muistikahviloiden luentosarja osa 3\" width=\"640\" height=\"360\" src=\"https:\/\/www.youtube.com\/embed\/0ketVoQnBdE?feature=oembed\" frameborder=\"0\" allow=\"accelerometer; autoplay; clipboard-write; encrypted-media; gyroscope; picture-in-picture\" allowfullscreen><\/iframe>\n<\/div><\/figure>\n\n\n\n<p><\/p>\n\n\n\n<p><\/p>\n\n\n\n<p><\/p>\n\n\n\n<p><strong>Oivallisten muistikahviloiden luentosarja osa 2. Oikeudellinen ennakointi ja edunvalvonta. <\/strong><\/p>\n\n\n\n<p>Oikeudellinen ennakointi ja edunvalvonta 6.4.2022. Luennoitsijana OTM, Meri Alaranta-Saukko. J\u00e4rjest\u00e4jin\u00e4 Koillismaan seudun muisti ry.\/Ota koppi -hanke ja Koillismaan Omaishoitajat ja L\u00e4heiset ry.\/OmaisOiva-toiminta. <\/p>\n\n\n\n<p>Alla olevasta linkist\u00e4 p\u00e4\u00e4set katsomaan luentoa:<\/p>\n\n\n\n<p><a href=\"https:\/\/www.youtube.com\/watch?v=y3hqIiaxpj8\" target=\"_blank\" rel=\"noreferrer noopener\">https:\/\/www.youtube.com\/watch?v=y3hqIiaxpj8<\/a><\/p>\n\n\n\n<p><\/p>\n\n\n\n<p><\/p>\n\n\n\n<p class=\"has-medium-font-size\"><strong>Et yksin j\u00e4\u00e4 -musiikkivideo jossa yhdistyy Hannu Hautalan luontokuvat. B\u00e4ndi Jes Vapis Kuusamo<\/strong><\/p>\n\n\n\n<p>Alla olevasta linkist\u00e4 p\u00e4\u00e4set katsomaan musiikkiesityksen, ensiesitys 20.5.2021<\/p>\n\n\n\n<figure class=\"wp-block-embed is-type-video is-provider-youtube wp-block-embed-youtube wp-embed-aspect-16-9 wp-has-aspect-ratio\"><div class=\"wp-block-embed__wrapper\">\n<iframe loading=\"lazy\" title=\"Et Yksin J\u00e4\u00e4 -musiikkivideo, jossa yhdistyy Hannu Hautalan luontokuvat.\" width=\"640\" height=\"360\" src=\"https:\/\/www.youtube.com\/embed\/VmrRf03wWk4?feature=oembed\" frameborder=\"0\" allow=\"accelerometer; autoplay; clipboard-write; encrypted-media; gyroscope; picture-in-picture\" allowfullscreen><\/iframe>\n<\/div><\/figure>\n\n\n\n<p><\/p>\n\n\n\n<p><\/p>\n\n\n\n<p>B\u00e4ndi Jes Vapis, kappaleet on tehneet: sanat ja s\u00e4vel &#8221;Matti Kela&#8221;, laulu Jere Taipale, kitara Jaakko Pitk\u00e4nen,  basso Esa Aikio. \u00c4\u00e4ni + perkussiot Markku Aikio.<\/p>\n\n\n\n<p>Kuvat Hannu Hautala -s\u00e4\u00e4ti\u00f6 ja toteutuksessa mukana Kuusamon kaupungin kulttuuritoimi.<\/p>\n\n\n\n<p>Esityksen tilaaja: Koillismaan Omaishoitajat ja L\u00e4heiset ry OmaisOiva -toiminta<\/p>\n\n\n\n<p><\/p>\n\n\n\n<p><\/p>\n\n\n\n<h2><strong>Rakkaudesta l\u00e4himm\u00e4iseen -konsertti<\/strong><\/h2>\n\n\n\n<p><strong>Jossa kuullaan omaishoitajien, l\u00e4heisten ja vapaaehtoisten tarinoita ja toivemusiikkia. Tervetuloa nauttimaan musiikista!<\/strong><\/p>\n\n\n\n<p><strong>Konsertti on kuultavissa Kuusamon kaupungin YouTube -kanavalla 22.4. &#8211; 5.5.2021. Konserttiin p\u00e4\u00e4set alla olevasta linkist\u00e4.<\/strong><\/p>\n\n\n\n<p><a href=\"https:\/\/www.youtube.com\/watch?v=I1Jssb1ArE8\">https:\/\/www.youtube.com\/watch?v=I1Jssb1ArE8<\/a><strong> <\/strong><\/p>\n\n\n\n<p><\/p>\n\n\n\n<figure class=\"wp-block-image\"><img loading=\"lazy\" width=\"1024\" height=\"591\" src=\"http:\/\/koillismaanomaishoitajat.com\/site\/wp-content\/uploads\/2021\/04\/rakkaudesta-l\u00e4himm\u00e4iseen-konsertti-kuvake-1024x591.png\" alt=\"\" class=\"wp-image-1995\" srcset=\"http:\/\/koillismaanomaishoitajat.com\/site\/wp-content\/uploads\/2021\/04\/rakkaudesta-l\u00e4himm\u00e4iseen-konsertti-kuvake-1024x591.png 1024w, http:\/\/koillismaanomaishoitajat.com\/site\/wp-content\/uploads\/2021\/04\/rakkaudesta-l\u00e4himm\u00e4iseen-konsertti-kuvake-300x173.png 300w, http:\/\/koillismaanomaishoitajat.com\/site\/wp-content\/uploads\/2021\/04\/rakkaudesta-l\u00e4himm\u00e4iseen-konsertti-kuvake-768x443.png 768w, http:\/\/koillismaanomaishoitajat.com\/site\/wp-content\/uploads\/2021\/04\/rakkaudesta-l\u00e4himm\u00e4iseen-konsertti-kuvake.png 1135w\" sizes=\"(max-width: 1024px) 100vw, 1024px\" \/><\/figure>\n\n\n\n<p><\/p>\n\n\n\n<p><\/p>\n\n\n\n<p><\/p>\n\n\n\n<p><\/p>\n\n\n\n<p><\/p>\n\n\n\n<h2><\/h2>\n\n\n\n<p>  <\/p>\n\n\n<h3>Koillismaan Omaishoitajat ja L\u00e4heiset ry on entisten ja nykyisten omaishoitajien, sek\u00e4&nbsp;omaishoidettavien oma paikallisyhdistys.<br>Yhdistyksess\u00e4 on OmaisOiva toimintaa ja se hallinnoi lis\u00e4ksi Koillisen kumppanit -hanketta. Yhdistyksen tarkoitus on auttaa ja tukea koillismaalaisia omaishoitajia ja heid\u00e4n l\u00e4heisi\u00e4\u00e4n. Olet omaishoitaja, jos pid\u00e4t huolta perheenj\u00e4senest\u00e4si tai muusta l\u00e4heisest\u00e4si, joka sairaudesta vammaisuudesta tai muusta erityisest\u00e4 hoivantarpeesta johtuen ei selviydy arjestaan omatoimisesti.<br>Olet tervetullut mukaan toimintaan silloinkin, vaikka et saisikaan omaishoidon tukea.<\/h3>\n<h2>Olemme juuri Sinua varten, jos:<\/h2>\n<ul>\n<li>\n<h3>tarvitset ohjausta ja neuvontaa<\/h3>\n<\/li>\n<li>\n<h3>tarvitset virkistyst\u00e4 ja lomaa<\/h3>\n<\/li>\n<li>\n<h3>haluat yhteyksi\u00e4 toisiin omaishoitajiin ja tukea jaksamiseesi<\/h3>\n<\/li>\n<li>\n<h3>haluat vaikuttaa ja tulla mukaan paikallisyhdistyksen toimintaan<\/h3>\n<\/li>\n<\/ul>\n<p><a href=\"http:\/\/koillismaanomaishoitajat.com\/site\/wp-content\/uploads\/2019\/02\/LOGO-UUSI-_Sininen_RGB-2.png\"><img loading=\"lazy\" class=\"alignnone size-medium wp-image-1510\" src=\"http:\/\/koillismaanomaishoitajat.com\/site\/wp-content\/uploads\/2019\/02\/LOGO-UUSI-_Sininen_RGB-2-300x300.png\" alt=\"\" width=\"300\" height=\"300\" srcset=\"http:\/\/koillismaanomaishoitajat.com\/site\/wp-content\/uploads\/2019\/02\/LOGO-UUSI-_Sininen_RGB-2-300x300.png 300w, http:\/\/koillismaanomaishoitajat.com\/site\/wp-content\/uploads\/2019\/02\/LOGO-UUSI-_Sininen_RGB-2-150x150.png 150w, http:\/\/koillismaanomaishoitajat.com\/site\/wp-content\/uploads\/2019\/02\/LOGO-UUSI-_Sininen_RGB-2-768x768.png 768w, http:\/\/koillismaanomaishoitajat.com\/site\/wp-content\/uploads\/2019\/02\/LOGO-UUSI-_Sininen_RGB-2-1024x1024.png 1024w, http:\/\/koillismaanomaishoitajat.com\/site\/wp-content\/uploads\/2019\/02\/LOGO-UUSI-_Sininen_RGB-2.png 1759w\" sizes=\"(max-width: 300px) 100vw, 300px\" \/><\/a><\/p>\n<p><img loading=\"lazy\" class=\"\" src=\"http:\/\/koillismaanomaishoitajat.com\/site\/wp-content\/uploads\/2015\/01\/HOIDATKO-L%C3%84HEIST%C3%84SI-JULISTEMALLI14-1-212x300.jpg\" alt=\"HOIDATKO L\u00c3\u0083\u00c2\u0084HEIST\u00c3\u0083\u00c2\u0084SI- JULISTEMALLI14-1\" width=\"316\" height=\"447\"><\/p>\n<h5>P\u00e4ivitetty&nbsp; &nbsp;10.1.2022&nbsp; Laila Set\u00e4maa<\/h5>\n\n\n<p><\/p>\n","protected":false},"excerpt":{"rendered":"<p>Ole rohkeasti yhteydess\u00e4! Saila K\u00e4sm\u00e4-Karjalainen, OmaisOiva koordinaattori puh. 044 2301439 Laila Set\u00e4maa, OmaisOiva ohjaaja puh. 044 2315381 Oivallisten muistikahviloiden luentosarja osa 3. Kodin paloturvallisuus ja nettiturvallisuus. Luentoa voi seurata paikan p\u00e4\u00e4ll\u00e4 toisten kanssa Kumppanuustalo Nuotassa Kuusamossa, Taivalvaaran monitoimitalolla Taivalkoskella ja &hellip; <a href=\"http:\/\/koillismaanomaishoitajat.com\/site\/\">Lue loppuun <span class=\"meta-nav\">&rarr;<\/span><\/a><\/p>\n","protected":false},"author":1,"featured_media":162,"parent":0,"menu_order":0,"comment_status":"closed","ping_status":"open","template":"","meta":[],"_links":{"self":[{"href":"http:\/\/koillismaanomaishoitajat.com\/site\/index.php?rest_route=\/wp\/v2\/pages\/6"}],"collection":[{"href":"http:\/\/koillismaanomaishoitajat.com\/site\/index.php?rest_route=\/wp\/v2\/pages"}],"about":[{"href":"http:\/\/koillismaanomaishoitajat.com\/site\/index.php?rest_route=\/wp\/v2\/types\/page"}],"author":[{"embeddable":true,"href":"http:\/\/koillismaanomaishoitajat.com\/site\/index.php?rest_route=\/wp\/v2\/users\/1"}],"replies":[{"embeddable":true,"href":"http:\/\/koillismaanomaishoitajat.com\/site\/index.php?rest_route=%2Fwp%2Fv2%2Fcomments&post=6"}],"version-history":[{"count":143,"href":"http:\/\/koillismaanomaishoitajat.com\/site\/index.php?rest_route=\/wp\/v2\/pages\/6\/revisions"}],"predecessor-version":[{"id":2220,"href":"http:\/\/koillismaanomaishoitajat.com\/site\/index.php?rest_route=\/wp\/v2\/pages\/6\/revisions\/2220"}],"wp:featuredmedia":[{"embeddable":true,"href":"http:\/\/koillismaanomaishoitajat.com\/site\/index.php?rest_route=\/wp\/v2\/media\/162"}],"wp:attachment":[{"href":"http:\/\/koillismaanomaishoitajat.com\/site\/index.php?rest_route=%2Fwp%2Fv2%2Fmedia&parent=6"}],"curies":[{"name":"wp","href":"https:\/\/api.w.org\/{rel}","templated":true}]}}